{"id":1088,"date":"2014-05-19T15:42:16","date_gmt":"2014-05-19T13:42:16","guid":{"rendered":"http:\/\/www.linksgestrickt.de\/blog\/?page_id=1088"},"modified":"2017-11-21T19:43:46","modified_gmt":"2017-11-21T17:43:46","slug":"blogs-von-strick-designerinnen","status":"publish","type":"page","link":"https:\/\/www.linksgestrickt.de\/blog\/blogs-von-strick-designerinnen\/","title":{"rendered":"Strick-DesignerInnen aus aller Welt"},"content":{"rendered":"<h4>Wer braucht nicht manchmal ein bi\u00dfchen Strickinspiration um in die Hufe zu kommen?<\/h4>\n<p><img decoding=\"async\" loading=\"lazy\" class=\"aligncenter wp-image-1814\" src=\"https:\/\/www.linksgestrickt.de\/blog\/wp-content\/uploads\/2017\/04\/Aisling5rav.jpg\" alt=\"\" width=\"600\" height=\"400\" srcset=\"https:\/\/www.linksgestrickt.de\/blog\/wp-content\/uploads\/2017\/04\/Aisling5rav.jpg 1000w, https:\/\/www.linksgestrickt.de\/blog\/wp-content\/uploads\/2017\/04\/Aisling5rav-300x200.jpg 300w, https:\/\/www.linksgestrickt.de\/blog\/wp-content\/uploads\/2017\/04\/Aisling5rav-768x512.jpg 768w\" sizes=\"(max-width: 600px) 100vw, 600px\" \/><\/p>\n<p>&nbsp;<\/p>\n<p>Hier findet Ihr meine liebsten Strick-DesignerInnen aus aller Welt! Die Links f\u00fchren zur Ravelry-Page des Designers mit einer \u00dcbersicht der Strickmodelle.<\/p>\n<p>Diese Liste wird st\u00e4ndig bearbeitet und erweitert! Zu besseren \u00dcbersicht werde ich demn\u00e4chst ein paar W\u00f6rter \u00fcber jede(n) DesignerIn schreiben und sie\/ihn, sofern es einen Schwerpunkt gibt (T\u00fccher, Babysachen etc.), in Kategorien einteilen (doofes Schubladendenken, ich wei\u00df, aber es ist der liebe \u00dcbersicht geschuldet)<\/p>\n<p>Ich hoffe, Ihr findet was Sch\u00f6nes f\u00fcr Euch!<\/p>\n<p>&nbsp;<\/p>\n<p><a href=\"https:\/\/www.ravelry.com\/designers\/melanie-berg\" target=\"_blank\" rel=\"noopener\">Melanie Berg &#8211; Mairlynd<\/a><\/p>\n<p><a href=\"https:\/\/www.ravelry.com\/designers\/susie-haumann\" target=\"_blank\" rel=\"noopener\">Susie Haumann &#8211; susiehaumannstrik<\/a><\/p>\n<p><a href=\"https:\/\/www.ravelry.com\/designers\/bristol-ivy\" target=\"_blank\" rel=\"noopener\">Bristol Ivy<\/a><\/p>\n<p><a href=\"https:\/\/www.ravelry.com\/designers\/kari-helene-rane\" target=\"_blank\" rel=\"noopener\">Karie-Helene Rane &#8211; K-H<\/a><\/p>\n<p><a href=\"https:\/\/www.ravelry.com\/designers\/kirsten-m-jensen\" target=\"_blank\" rel=\"noopener\">Kirsten M. Jensen &#8211; Skandi<\/a><\/p>\n<p><a href=\"https:\/\/www.ravelry.com\/designers\/svetlana-volkova\" target=\"_blank\" rel=\"noopener\">Svetlana Volkova &#8211; tweedysheep<\/a><\/p>\n<p><a href=\"https:\/\/www.ravelry.com\/people\/lilalu\" target=\"_blank\" rel=\"noopener\">Isabell Kraemer &#8211; lilalu<\/a><\/p>\n<p><a href=\"https:\/\/www.ravelry.com\/designers\/renee-leverington\" target=\"_blank\" rel=\"noopener\">Renee Leverington &#8211; Goddess Knits<\/a><\/p>\n<p><a href=\"https:\/\/www.ravelry.com\/people\/Borntoknitblog\" target=\"_blank\" rel=\"noopener\">Johanne L\u00e4ndin &#8211; Born to knit<\/a><\/p>\n<p><a href=\"https:\/\/www.purlsoho.com\/create\/category\/new-projects\/\" target=\"_blank\" rel=\"noopener\">Purl Soho &#8211; Purl Soho Create<\/a><\/p>\n<p><a href=\"https:\/\/www.ravelry.com\/designers\/mia-rinde\" target=\"_blank\" rel=\"noopener\">Mia Rinde &#8211; MiaR<\/a><\/p>\n<p><a href=\"https:\/\/www.ravelry.com\/designers\/dee-okeefe\" target=\"_blank\" rel=\"noopener\">Dee O&#8217;Keefe &#8211; stevieland<\/a><\/p>\n<p><a href=\"https:\/\/www.ravelry.com\/people\/stitchnerd\" target=\"_blank\" rel=\"noopener\">Susan Ashcroft &#8211; stitchnerd<\/a><\/p>\n<p><a href=\"https:\/\/www.ravelry.com\/designers\/kasia-lubinska\" target=\"_blank\" rel=\"noopener\">Kasia Lubinska &#8211; j\u00b4adore knitting<\/a><\/p>\n<p><a href=\"https:\/\/www.ravelry.com\/designers\/paulina-popiolek\" target=\"_blank\" rel=\"noopener\">Paulina Popiolek &#8211; PaulinaP<\/a><\/p>\n<p><a href=\"https:\/\/www.ravelry.com\/designers\/cecily-glowik-macdonald\" target=\"_blank\" rel=\"noopener\">Cecily Glowik MacDonald<\/a><\/p>\n<p><a href=\"https:\/\/www.ravelry.com\/designers\/kim-hargreaves\" target=\"_blank\" rel=\"noopener\">Kim Hargreaves<\/a><\/p>\n<p>&nbsp;<\/p>\n<p>&nbsp;<\/p>\n<p>&nbsp;<\/p>\n<p>&nbsp;<\/p>\n<p>&nbsp;<\/p>\n<p>&nbsp;<\/p>\n<p>&nbsp;<\/p>\n<p>&nbsp;<\/p>\n<p>&nbsp;<\/p>\n<p>&nbsp;<\/p>\n<p>&nbsp;<\/p>\n<p>&nbsp;<\/p>\n<p>&nbsp;<\/p>\n<p>&nbsp;<\/p>\n<p>&nbsp;<\/p>\n<p>&nbsp;<\/p>\n<p>&nbsp;<\/p>\n<p>&nbsp;<\/p>\n<p>&nbsp;<\/p>\n<p>&nbsp;<\/p>\n<p>&nbsp;<\/p>\n<p>&nbsp;<\/p>\n<p>&nbsp;<\/p>\n<p>&nbsp;<\/p>\n<p>&nbsp;<\/p>\n<p>&nbsp;<\/p>\n<p>&nbsp;<\/p>\n<p>&nbsp;<\/p>\n<p>&nbsp;<\/p>\n<p>&nbsp;<\/p>\n<p>&nbsp;<\/p>\n<p>&nbsp;<\/p>\n<p>&nbsp;<\/p>\n<p>&nbsp;<\/p>\n<p>&nbsp;<\/p>\n<p>&nbsp;<\/p>\n<p>&nbsp;<\/p>\n<p>&nbsp;<\/p>\n<p>&nbsp;<\/p>\n<p>&nbsp;<\/p>\n<p>&nbsp;<\/p>\n<p>&nbsp;<\/p>\n<p>&nbsp;<\/p>\n<p>&nbsp;<\/p>\n<p>&nbsp;<\/p>\n<p>&nbsp;<\/p>\n<p>&nbsp;<\/p>\n<p>&nbsp;<\/p>\n<p>&nbsp;<\/p>\n<p>&nbsp;<\/p>\n<p>&nbsp;<\/p>\n<p>&nbsp;<\/p>\n<p>&nbsp;<\/p>\n<p>&nbsp;<\/p>\n<p>&nbsp;<\/p>\n<p>&nbsp;<\/p>\n<p>&nbsp;<\/p>\n<p>&nbsp;<\/p>\n<p>&nbsp;<\/p>\n<p>&nbsp;<\/p>\n<p>&nbsp;<\/p>\n<p>&nbsp;<\/p>\n<p>&nbsp;<\/p>\n<p>&nbsp;<\/p>\n<p>&nbsp;<\/p>\n<p>&nbsp;<\/p>\n<p>&nbsp;<\/p>\n<p>&nbsp;<\/p>\n<p>&nbsp;<\/p>\n<p>&nbsp;<\/p>\n<p>&nbsp;<\/p>\n<p>&nbsp;<\/p>\n<p>&nbsp;<\/p>\n<p>&nbsp;<\/p>\n<p>&nbsp;<\/p>\n<p>&nbsp;<\/p>\n<p>&nbsp;<\/p>\n<p>&nbsp;<\/p>\n<p>&nbsp;<\/p>\n","protected":false},"excerpt":{"rendered":"<p>Wer braucht nicht manchmal ein bi\u00dfchen Strickinspiration um in die Hufe zu kommen? &nbsp; Hier findet Ihr meine liebsten Strick-DesignerInnen aus aller Welt! Die Links f\u00fchren zur Ravelry-Page des Designers mit einer \u00dcbersicht der Strickmodelle. Diese Liste wird st\u00e4ndig bearbeitet und erweitert! Zu besseren \u00dcbersicht werde ich demn\u00e4chst ein paar W\u00f6rter \u00fcber jede(n) DesignerIn schreiben&#8230;<\/p>\n","protected":false},"author":1,"featured_media":0,"parent":0,"menu_order":0,"comment_status":"open","ping_status":"open","template":"","meta":{"footnotes":""},"yoast_head":"<!-- This site is optimized with the Yoast SEO plugin v21.1 - https:\/\/yoast.com\/wordpress\/plugins\/seo\/ -->\n<title>Blogs von Strick-DesignerInnen<\/title>\n<meta name=\"robots\" content=\"index, follow, max-snippet:-1, max-image-preview:large, max-video-preview:-1\" \/>\n<link rel=\"canonical\" href=\"https:\/\/www.linksgestrickt.de\/blog\/blogs-von-strick-designerinnen\/\" \/>\n<meta property=\"og:locale\" content=\"en_US\" \/>\n<meta property=\"og:type\" content=\"article\" \/>\n<meta property=\"og:title\" content=\"Blogs von Strick-DesignerInnen\" \/>\n<meta property=\"og:description\" content=\"Wer braucht nicht manchmal ein bi\u00dfchen Strickinspiration um in die Hufe zu kommen? &nbsp; Hier findet Ihr meine liebsten Strick-DesignerInnen aus aller Welt! Die Links f\u00fchren zur Ravelry-Page des Designers mit einer \u00dcbersicht der Strickmodelle. Diese Liste wird st\u00e4ndig bearbeitet und erweitert! Zu besseren \u00dcbersicht werde ich demn\u00e4chst ein paar W\u00f6rter \u00fcber jede(n) DesignerIn schreiben...\" \/>\n<meta property=\"og:url\" content=\"https:\/\/www.linksgestrickt.de\/blog\/blogs-von-strick-designerinnen\/\" \/>\n<meta property=\"article:modified_time\" content=\"2017-11-21T17:43:46+00:00\" \/>\n<meta property=\"og:image\" content=\"https:\/\/www.linksgestrickt.de\/blog\/wp-content\/uploads\/2017\/04\/Aisling5rav.jpg\" \/>\n<meta name=\"twitter:label1\" content=\"Est. reading time\" \/>\n\t<meta name=\"twitter:data1\" content=\"1 minute\" \/>\n<script type=\"application\/ld+json\" class=\"yoast-schema-graph\">{\"@context\":\"https:\/\/schema.org\",\"@graph\":[{\"@type\":\"WebPage\",\"@id\":\"https:\/\/www.linksgestrickt.de\/blog\/blogs-von-strick-designerinnen\/\",\"url\":\"https:\/\/www.linksgestrickt.de\/blog\/blogs-von-strick-designerinnen\/\",\"name\":\"Blogs von Strick-DesignerInnen\",\"isPartOf\":{\"@id\":\"https:\/\/www.linksgestrickt.de\/blog\/#website\"},\"datePublished\":\"2014-05-19T13:42:16+00:00\",\"dateModified\":\"2017-11-21T17:43:46+00:00\",\"inLanguage\":\"en-US\",\"potentialAction\":[{\"@type\":\"ReadAction\",\"target\":[\"https:\/\/www.linksgestrickt.de\/blog\/blogs-von-strick-designerinnen\/\"]}]},{\"@type\":\"WebSite\",\"@id\":\"https:\/\/www.linksgestrickt.de\/blog\/#website\",\"url\":\"https:\/\/www.linksgestrickt.de\/blog\/\",\"name\":\"\",\"description\":\"nie mehr den Faden verlieren\",\"potentialAction\":[{\"@type\":\"SearchAction\",\"target\":{\"@type\":\"EntryPoint\",\"urlTemplate\":\"https:\/\/www.linksgestrickt.de\/blog\/?s={search_term_string}\"},\"query-input\":\"required name=search_term_string\"}],\"inLanguage\":\"en-US\"}]}<\/script>\n<!-- \/ Yoast SEO plugin. -->","yoast_head_json":{"title":"Blogs von Strick-DesignerInnen","robots":{"index":"index","follow":"follow","max-snippet":"max-snippet:-1","max-image-preview":"max-image-preview:large","max-video-preview":"max-video-preview:-1"},"canonical":"https:\/\/www.linksgestrickt.de\/blog\/blogs-von-strick-designerinnen\/","og_locale":"en_US","og_type":"article","og_title":"Blogs von Strick-DesignerInnen","og_description":"Wer braucht nicht manchmal ein bi\u00dfchen Strickinspiration um in die Hufe zu kommen? &nbsp; Hier findet Ihr meine liebsten Strick-DesignerInnen aus aller Welt! Die Links f\u00fchren zur Ravelry-Page des Designers mit einer \u00dcbersicht der Strickmodelle. Diese Liste wird st\u00e4ndig bearbeitet und erweitert! Zu besseren \u00dcbersicht werde ich demn\u00e4chst ein paar W\u00f6rter \u00fcber jede(n) DesignerIn schreiben...","og_url":"https:\/\/www.linksgestrickt.de\/blog\/blogs-von-strick-designerinnen\/","article_modified_time":"2017-11-21T17:43:46+00:00","og_image":[{"url":"https:\/\/www.linksgestrickt.de\/blog\/wp-content\/uploads\/2017\/04\/Aisling5rav.jpg"}],"twitter_misc":{"Est. reading time":"1 minute"},"schema":{"@context":"https:\/\/schema.org","@graph":[{"@type":"WebPage","@id":"https:\/\/www.linksgestrickt.de\/blog\/blogs-von-strick-designerinnen\/","url":"https:\/\/www.linksgestrickt.de\/blog\/blogs-von-strick-designerinnen\/","name":"Blogs von Strick-DesignerInnen","isPartOf":{"@id":"https:\/\/www.linksgestrickt.de\/blog\/#website"},"datePublished":"2014-05-19T13:42:16+00:00","dateModified":"2017-11-21T17:43:46+00:00","inLanguage":"en-US","potentialAction":[{"@type":"ReadAction","target":["https:\/\/www.linksgestrickt.de\/blog\/blogs-von-strick-designerinnen\/"]}]},{"@type":"WebSite","@id":"https:\/\/www.linksgestrickt.de\/blog\/#website","url":"https:\/\/www.linksgestrickt.de\/blog\/","name":"","description":"nie mehr den Faden verlieren","potentialAction":[{"@type":"SearchAction","target":{"@type":"EntryPoint","urlTemplate":"https:\/\/www.linksgestrickt.de\/blog\/?s={search_term_string}"},"query-input":"required name=search_term_string"}],"inLanguage":"en-US"}]}},"_links":{"self":[{"href":"https:\/\/www.linksgestrickt.de\/blog\/wp-json\/wp\/v2\/pages\/1088"}],"collection":[{"href":"https:\/\/www.linksgestrickt.de\/blog\/wp-json\/wp\/v2\/pages"}],"about":[{"href":"https:\/\/www.linksgestrickt.de\/blog\/wp-json\/wp\/v2\/types\/page"}],"author":[{"embeddable":true,"href":"https:\/\/www.linksgestrickt.de\/blog\/wp-json\/wp\/v2\/users\/1"}],"replies":[{"embeddable":true,"href":"https:\/\/www.linksgestrickt.de\/blog\/wp-json\/wp\/v2\/comments?post=1088"}],"version-history":[{"count":89,"href":"https:\/\/www.linksgestrickt.de\/blog\/wp-json\/wp\/v2\/pages\/1088\/revisions"}],"predecessor-version":[{"id":1930,"href":"https:\/\/www.linksgestrickt.de\/blog\/wp-json\/wp\/v2\/pages\/1088\/revisions\/1930"}],"wp:attachment":[{"href":"https:\/\/www.linksgestrickt.de\/blog\/wp-json\/wp\/v2\/media?parent=1088"}],"curies":[{"name":"wp","href":"https:\/\/api.w.org\/{rel}","templated":true}]}}