{"id":2332,"date":"2019-10-22T12:33:31","date_gmt":"2019-10-22T10:33:31","guid":{"rendered":"https:\/\/www.linksgestrickt.de\/blog\/?page_id=2332"},"modified":"2020-08-07T14:31:19","modified_gmt":"2020-08-07T12:31:19","slug":"strickworterbucher","status":"publish","type":"page","link":"https:\/\/www.linksgestrickt.de\/blog\/strickworterbucher\/","title":{"rendered":"Strickw\u00f6rterb\u00fccher"},"content":{"rendered":"<p>Welche Strickerin, welcher Stricker hat es nicht schon mal erlebt? Da begegnet einem ein wunderbares Strickmuster, mit dem im Grunde genommen sofort begonnen werden muss und pl\u00f6tzlich sieht man, dass es in einer Sprache geschrieben ist, die man weder spricht noch versteht. Schnell scheinen sich un\u00fcberwindbare H\u00fcrden aufzubauen und am Ende winkt man traurig ab: zu schwer, zu m\u00fchselig, zu langwierig.<\/p>\n<p>Was aber, wenn wir uns auf ein Strickabenteuer einlassen und am Ende nicht nur ein wunderbaren neuen Pullover, eine Strickjacke oder \u00e4hnliches tragen k\u00f6nnen, sondern auch reicher an Strickerfahrung und Spracherfahrung sind? Also eine doppelte Win-win-Situation!<\/p>\n<p>linksgestrickt f\u00fchrt zum gr\u00f6\u00dften Teil Wolle aus dem Norden, aus skandinavischen L\u00e4ndern wie D\u00e4nemark und Norwegen, zum Teil auch mit Strickanleitungen und B\u00fcchern aus eben genannten L\u00e4ndern, die nicht in deutscher \u00dcbersetzung vorliegen.<br \/>\nIch m\u00f6chte Euch sehr gerne an diese wunderbaren Muster heranf\u00fchren, Sprachbarrieren durchbrechen helfen und ein bi\u00dfchen Mut machen, sich auf dieses Strickabenteuer einzulassen.<\/p>\n<p>Hierf\u00fcr soll Euch dieses kleine Strickw\u00f6rterbuch zur Seite stehen. Ich bin sehr froh \u00fcber Euer Feedback, evt. Verbesserungs- oder Erweiterungsvorschl\u00e4ge etc.<br \/>\nBitte schreibt mir unter: info(at)linksgestrickt.de<\/p>\n<h1>Strickw\u00f6rterbuch Englisch &#8211; Deutsch<\/h1>\n<p><a href=\"https:\/\/www.linksgestrickt.de\/blog\/wp-content\/uploads\/2019\/10\/Deu_ENG_Strickbegriffe.pdf\" target=\"_blank\" rel=\"noopener\"><img decoding=\"async\" loading=\"lazy\" class=\"aligncenter size-full wp-image-2335\" src=\"https:\/\/www.linksgestrickt.de\/blog\/wp-content\/uploads\/2019\/10\/Strickw\u00f6rter-ENG-DEU.png\" alt=\"\" width=\"600\" height=\"200\" srcset=\"https:\/\/www.linksgestrickt.de\/blog\/wp-content\/uploads\/2019\/10\/Strickw\u00f6rter-ENG-DEU.png 600w, https:\/\/www.linksgestrickt.de\/blog\/wp-content\/uploads\/2019\/10\/Strickw\u00f6rter-ENG-DEU-300x100.png 300w\" sizes=\"(max-width: 600px) 100vw, 600px\" \/><\/a><\/p>\n<h1>Strickw\u00f6rterbuch Norwegisch &#8211; Deutsch<\/h1>\n<h2><a href=\"https:\/\/www.linksgestrickt.de\/blog\/wp-content\/uploads\/2019\/10\/Deu_Nor_Strickw\u00f6rterbuch.pdf\" target=\"_blank\" rel=\"noopener\"><img decoding=\"async\" loading=\"lazy\" class=\"aligncenter size-full wp-image-2325\" src=\"https:\/\/www.linksgestrickt.de\/blog\/wp-content\/uploads\/2019\/10\/Strickw\u00f6rter-NOR-DEU-1.png\" alt=\"\" width=\"600\" height=\"200\" srcset=\"https:\/\/www.linksgestrickt.de\/blog\/wp-content\/uploads\/2019\/10\/Strickw\u00f6rter-NOR-DEU-1.png 600w, https:\/\/www.linksgestrickt.de\/blog\/wp-content\/uploads\/2019\/10\/Strickw\u00f6rter-NOR-DEU-1-300x100.png 300w\" sizes=\"(max-width: 600px) 100vw, 600px\" \/><\/a><\/h2>\n<p>&nbsp;<\/p>\n","protected":false},"excerpt":{"rendered":"<p>Welche Strickerin, welcher Stricker hat es nicht schon mal erlebt? Da begegnet einem ein wunderbares Strickmuster, mit dem im Grunde genommen sofort begonnen werden muss und pl\u00f6tzlich sieht man, dass es in einer Sprache geschrieben ist, die man weder spricht noch versteht. Schnell scheinen sich un\u00fcberwindbare H\u00fcrden aufzubauen und am Ende winkt man traurig ab:&#8230;<\/p>\n","protected":false},"author":1,"featured_media":0,"parent":0,"menu_order":0,"comment_status":"closed","ping_status":"closed","template":"","meta":{"footnotes":""},"yoast_head":"<!-- This site is optimized with the Yoast SEO plugin v21.1 - https:\/\/yoast.com\/wordpress\/plugins\/seo\/ -->\n<title>Strickw\u00f6rterbuch Englisch - Deutsch und Norwegisch - Deutsch<\/title>\n<meta name=\"description\" content=\"Eine Hilfestellung soll das kostenlose PDF f\u00fcr alle sein, die sich zum ersten Mal an eine norwegische oder englische Strickanleitung herantrauen. Nur Mut!\" \/>\n<meta name=\"robots\" content=\"index, follow, max-snippet:-1, max-image-preview:large, max-video-preview:-1\" \/>\n<link rel=\"canonical\" href=\"https:\/\/www.linksgestrickt.de\/blog\/strickworterbucher\/\" \/>\n<meta property=\"og:locale\" content=\"en_US\" \/>\n<meta property=\"og:type\" content=\"article\" \/>\n<meta property=\"og:title\" content=\"Strickw\u00f6rterbuch Englisch - Deutsch und Norwegisch - Deutsch\" \/>\n<meta property=\"og:description\" content=\"Eine Hilfestellung soll das kostenlose PDF f\u00fcr alle sein, die sich zum ersten Mal an eine norwegische oder englische Strickanleitung herantrauen. Nur Mut!\" \/>\n<meta property=\"og:url\" content=\"https:\/\/www.linksgestrickt.de\/blog\/strickworterbucher\/\" \/>\n<meta property=\"article:modified_time\" content=\"2020-08-07T12:31:19+00:00\" \/>\n<meta name=\"twitter:label1\" content=\"Est. reading time\" \/>\n\t<meta name=\"twitter:data1\" content=\"1 minute\" \/>\n<script type=\"application\/ld+json\" class=\"yoast-schema-graph\">{\"@context\":\"https:\/\/schema.org\",\"@graph\":[{\"@type\":\"WebPage\",\"@id\":\"https:\/\/www.linksgestrickt.de\/blog\/strickworterbucher\/\",\"url\":\"https:\/\/www.linksgestrickt.de\/blog\/strickworterbucher\/\",\"name\":\"Strickw\u00f6rterbuch Englisch - Deutsch und Norwegisch - Deutsch\",\"isPartOf\":{\"@id\":\"https:\/\/www.linksgestrickt.de\/blog\/#website\"},\"datePublished\":\"2019-10-22T10:33:31+00:00\",\"dateModified\":\"2020-08-07T12:31:19+00:00\",\"description\":\"Eine Hilfestellung soll das kostenlose PDF f\u00fcr alle sein, die sich zum ersten Mal an eine norwegische oder englische Strickanleitung herantrauen. Nur Mut!\",\"inLanguage\":\"en-US\",\"potentialAction\":[{\"@type\":\"ReadAction\",\"target\":[\"https:\/\/www.linksgestrickt.de\/blog\/strickworterbucher\/\"]}]},{\"@type\":\"WebSite\",\"@id\":\"https:\/\/www.linksgestrickt.de\/blog\/#website\",\"url\":\"https:\/\/www.linksgestrickt.de\/blog\/\",\"name\":\"\",\"description\":\"nie mehr den Faden verlieren\",\"potentialAction\":[{\"@type\":\"SearchAction\",\"target\":{\"@type\":\"EntryPoint\",\"urlTemplate\":\"https:\/\/www.linksgestrickt.de\/blog\/?s={search_term_string}\"},\"query-input\":\"required name=search_term_string\"}],\"inLanguage\":\"en-US\"}]}<\/script>\n<!-- \/ Yoast SEO plugin. -->","yoast_head_json":{"title":"Strickw\u00f6rterbuch Englisch - Deutsch und Norwegisch - Deutsch","description":"Eine Hilfestellung soll das kostenlose PDF f\u00fcr alle sein, die sich zum ersten Mal an eine norwegische oder englische Strickanleitung herantrauen. Nur Mut!","robots":{"index":"index","follow":"follow","max-snippet":"max-snippet:-1","max-image-preview":"max-image-preview:large","max-video-preview":"max-video-preview:-1"},"canonical":"https:\/\/www.linksgestrickt.de\/blog\/strickworterbucher\/","og_locale":"en_US","og_type":"article","og_title":"Strickw\u00f6rterbuch Englisch - Deutsch und Norwegisch - Deutsch","og_description":"Eine Hilfestellung soll das kostenlose PDF f\u00fcr alle sein, die sich zum ersten Mal an eine norwegische oder englische Strickanleitung herantrauen. Nur Mut!","og_url":"https:\/\/www.linksgestrickt.de\/blog\/strickworterbucher\/","article_modified_time":"2020-08-07T12:31:19+00:00","twitter_misc":{"Est. reading time":"1 minute"},"schema":{"@context":"https:\/\/schema.org","@graph":[{"@type":"WebPage","@id":"https:\/\/www.linksgestrickt.de\/blog\/strickworterbucher\/","url":"https:\/\/www.linksgestrickt.de\/blog\/strickworterbucher\/","name":"Strickw\u00f6rterbuch Englisch - Deutsch und Norwegisch - Deutsch","isPartOf":{"@id":"https:\/\/www.linksgestrickt.de\/blog\/#website"},"datePublished":"2019-10-22T10:33:31+00:00","dateModified":"2020-08-07T12:31:19+00:00","description":"Eine Hilfestellung soll das kostenlose PDF f\u00fcr alle sein, die sich zum ersten Mal an eine norwegische oder englische Strickanleitung herantrauen. Nur Mut!","inLanguage":"en-US","potentialAction":[{"@type":"ReadAction","target":["https:\/\/www.linksgestrickt.de\/blog\/strickworterbucher\/"]}]},{"@type":"WebSite","@id":"https:\/\/www.linksgestrickt.de\/blog\/#website","url":"https:\/\/www.linksgestrickt.de\/blog\/","name":"","description":"nie mehr den Faden verlieren","potentialAction":[{"@type":"SearchAction","target":{"@type":"EntryPoint","urlTemplate":"https:\/\/www.linksgestrickt.de\/blog\/?s={search_term_string}"},"query-input":"required name=search_term_string"}],"inLanguage":"en-US"}]}},"_links":{"self":[{"href":"https:\/\/www.linksgestrickt.de\/blog\/wp-json\/wp\/v2\/pages\/2332"}],"collection":[{"href":"https:\/\/www.linksgestrickt.de\/blog\/wp-json\/wp\/v2\/pages"}],"about":[{"href":"https:\/\/www.linksgestrickt.de\/blog\/wp-json\/wp\/v2\/types\/page"}],"author":[{"embeddable":true,"href":"https:\/\/www.linksgestrickt.de\/blog\/wp-json\/wp\/v2\/users\/1"}],"replies":[{"embeddable":true,"href":"https:\/\/www.linksgestrickt.de\/blog\/wp-json\/wp\/v2\/comments?post=2332"}],"version-history":[{"count":13,"href":"https:\/\/www.linksgestrickt.de\/blog\/wp-json\/wp\/v2\/pages\/2332\/revisions"}],"predecessor-version":[{"id":2398,"href":"https:\/\/www.linksgestrickt.de\/blog\/wp-json\/wp\/v2\/pages\/2332\/revisions\/2398"}],"wp:attachment":[{"href":"https:\/\/www.linksgestrickt.de\/blog\/wp-json\/wp\/v2\/media?parent=2332"}],"curies":[{"name":"wp","href":"https:\/\/api.w.org\/{rel}","templated":true}]}}