{"id":881,"date":"2014-02-10T15:16:57","date_gmt":"2014-02-10T13:16:57","guid":{"rendered":"http:\/\/www.linksgestrickt.de\/blog\/?page_id=881"},"modified":"2025-08-12T10:49:36","modified_gmt":"2025-08-12T08:49:36","slug":"e-magazines-rund-ums-stricken-und-haekeln","status":"publish","type":"page","link":"https:\/\/www.linksgestrickt.de\/blog\/e-magazines-rund-ums-stricken-und-haekeln\/","title":{"rendered":"E-Magazines rund ums Stricken und H\u00e4keln"},"content":{"rendered":"<p><strong><a href=\"http:\/\/knitty.com\/ISSUEdf17\/index.php\" target=\"_blank\" rel=\"noopener\">Knitty<\/a><\/strong><\/p>\n<p>Meines Wissens eines der \u00e4ltesten E-Magazine im Netz. Sie erscheint\u00a0 seit 2002 (!) 4 x im Jahr im M\u00e4rz, Juni, September und Dezember und beinhaltet \u00e4hnlich wie die twist collective viele unterschiedliche Strickmuster, Glossen sowie Artikel \u00fcber alles rund ums Stricken. Anders als die twist collective sind die Muster alle kostenlos* und k\u00f6nnen problemlos ausgedruckt werden. Zudem widmet sich die Knitty innerhalb des Magazins unter dem Unterpunkt <a href=\"http:\/\/www.knitty.com\/ISSUEw13\/KScontentindex.php\" target=\"_blank\" rel=\"noopener\">knittyspin<\/a> auch dem Spinnen von Wolle<\/p>\n<p>*kostenlos bedeutet nat\u00fcrlich hier, dass die Muster f\u00fcr den privaten Gebrauch heruntergeladen und gestrickt werden k\u00f6nnen. Ein Verkauf der Muster oder Stricksachen ist nat\u00fcrlich untersagt.<\/p>\n<p><strong><a href=\"http:\/\/www.amirisu.com\/\" target=\"_blank\" rel=\"noopener\">amirisu<\/a><\/strong><\/p>\n<p>Die amirisu ist im Vergleich zur knitty das K\u00fcken unter den hier aufgef\u00fchrten E-Magazinen. Sie kommt aus Japan und wurde im August 2012 das erste Mal publiziert. Seitdem erscheinen regelm\u00e4\u00dfig zwei Ausgaben j\u00e4hrlich,\u00a0 im Februar und Dezember, die man auf Englisch oder Japanisch abrufen kann. Die Muster stammen haupts\u00e4chlich von japanischen Designer(-innen) und k\u00f6nnen \u00fcber die Seite von amirisu gekauft werden. \u00c4hnlich wie die twist collective ist die amirisu ein visueller Leckerbissen mit wundersch\u00f6nen Fotografien aber auch interessanten Artikeln und Interviews mit bekannten Designern oder Wollfirmen. Was will man mehr \ud83d\ude09<\/p>\n","protected":false},"excerpt":{"rendered":"<p>Knitty Meines Wissens eines der \u00e4ltesten E-Magazine im Netz. Sie erscheint\u00a0 seit 2002 (!) 4 x im Jahr im M\u00e4rz, Juni, September und Dezember und beinhaltet \u00e4hnlich wie die twist collective viele unterschiedliche Strickmuster, Glossen sowie Artikel \u00fcber alles rund ums Stricken. Anders als die twist collective sind die Muster alle kostenlos* und k\u00f6nnen problemlos&#8230;<\/p>\n","protected":false},"author":1,"featured_media":0,"parent":0,"menu_order":0,"comment_status":"open","ping_status":"open","template":"","meta":{"footnotes":""},"yoast_head":"<!-- This site is optimized with the Yoast SEO plugin v21.1 - https:\/\/yoast.com\/wordpress\/plugins\/seo\/ -->\n<title>E-Magazines rund ums Stricken und H\u00e4keln<\/title>\n<meta name=\"robots\" content=\"index, follow, max-snippet:-1, max-image-preview:large, max-video-preview:-1\" \/>\n<link rel=\"canonical\" href=\"https:\/\/www.linksgestrickt.de\/blog\/e-magazines-rund-ums-stricken-und-haekeln\/\" \/>\n<meta property=\"og:locale\" content=\"en_US\" \/>\n<meta property=\"og:type\" content=\"article\" \/>\n<meta property=\"og:title\" content=\"E-Magazines rund ums Stricken und H\u00e4keln\" \/>\n<meta property=\"og:description\" content=\"Knitty Meines Wissens eines der \u00e4ltesten E-Magazine im Netz. Sie erscheint\u00a0 seit 2002 (!) 4 x im Jahr im M\u00e4rz, Juni, September und Dezember und beinhaltet \u00e4hnlich wie die twist collective viele unterschiedliche Strickmuster, Glossen sowie Artikel \u00fcber alles rund ums Stricken. Anders als die twist collective sind die Muster alle kostenlos* und k\u00f6nnen problemlos...\" \/>\n<meta property=\"og:url\" content=\"https:\/\/www.linksgestrickt.de\/blog\/e-magazines-rund-ums-stricken-und-haekeln\/\" \/>\n<meta property=\"article:modified_time\" content=\"2025-08-12T08:49:36+00:00\" \/>\n<meta name=\"twitter:label1\" content=\"Est. reading time\" \/>\n\t<meta name=\"twitter:data1\" content=\"2 minutes\" \/>\n<script type=\"application\/ld+json\" class=\"yoast-schema-graph\">{\"@context\":\"https:\/\/schema.org\",\"@graph\":[{\"@type\":\"WebPage\",\"@id\":\"https:\/\/www.linksgestrickt.de\/blog\/e-magazines-rund-ums-stricken-und-haekeln\/\",\"url\":\"https:\/\/www.linksgestrickt.de\/blog\/e-magazines-rund-ums-stricken-und-haekeln\/\",\"name\":\"E-Magazines rund ums Stricken und H\u00e4keln\",\"isPartOf\":{\"@id\":\"https:\/\/www.linksgestrickt.de\/blog\/#website\"},\"datePublished\":\"2014-02-10T13:16:57+00:00\",\"dateModified\":\"2025-08-12T08:49:36+00:00\",\"inLanguage\":\"en-US\",\"potentialAction\":[{\"@type\":\"ReadAction\",\"target\":[\"https:\/\/www.linksgestrickt.de\/blog\/e-magazines-rund-ums-stricken-und-haekeln\/\"]}]},{\"@type\":\"WebSite\",\"@id\":\"https:\/\/www.linksgestrickt.de\/blog\/#website\",\"url\":\"https:\/\/www.linksgestrickt.de\/blog\/\",\"name\":\"\",\"description\":\"nie mehr den Faden verlieren\",\"potentialAction\":[{\"@type\":\"SearchAction\",\"target\":{\"@type\":\"EntryPoint\",\"urlTemplate\":\"https:\/\/www.linksgestrickt.de\/blog\/?s={search_term_string}\"},\"query-input\":\"required name=search_term_string\"}],\"inLanguage\":\"en-US\"}]}<\/script>\n<!-- \/ Yoast SEO plugin. -->","yoast_head_json":{"title":"E-Magazines rund ums Stricken und H\u00e4keln","robots":{"index":"index","follow":"follow","max-snippet":"max-snippet:-1","max-image-preview":"max-image-preview:large","max-video-preview":"max-video-preview:-1"},"canonical":"https:\/\/www.linksgestrickt.de\/blog\/e-magazines-rund-ums-stricken-und-haekeln\/","og_locale":"en_US","og_type":"article","og_title":"E-Magazines rund ums Stricken und H\u00e4keln","og_description":"Knitty Meines Wissens eines der \u00e4ltesten E-Magazine im Netz. Sie erscheint\u00a0 seit 2002 (!) 4 x im Jahr im M\u00e4rz, Juni, September und Dezember und beinhaltet \u00e4hnlich wie die twist collective viele unterschiedliche Strickmuster, Glossen sowie Artikel \u00fcber alles rund ums Stricken. Anders als die twist collective sind die Muster alle kostenlos* und k\u00f6nnen problemlos...","og_url":"https:\/\/www.linksgestrickt.de\/blog\/e-magazines-rund-ums-stricken-und-haekeln\/","article_modified_time":"2025-08-12T08:49:36+00:00","twitter_misc":{"Est. reading time":"2 minutes"},"schema":{"@context":"https:\/\/schema.org","@graph":[{"@type":"WebPage","@id":"https:\/\/www.linksgestrickt.de\/blog\/e-magazines-rund-ums-stricken-und-haekeln\/","url":"https:\/\/www.linksgestrickt.de\/blog\/e-magazines-rund-ums-stricken-und-haekeln\/","name":"E-Magazines rund ums Stricken und H\u00e4keln","isPartOf":{"@id":"https:\/\/www.linksgestrickt.de\/blog\/#website"},"datePublished":"2014-02-10T13:16:57+00:00","dateModified":"2025-08-12T08:49:36+00:00","inLanguage":"en-US","potentialAction":[{"@type":"ReadAction","target":["https:\/\/www.linksgestrickt.de\/blog\/e-magazines-rund-ums-stricken-und-haekeln\/"]}]},{"@type":"WebSite","@id":"https:\/\/www.linksgestrickt.de\/blog\/#website","url":"https:\/\/www.linksgestrickt.de\/blog\/","name":"","description":"nie mehr den Faden verlieren","potentialAction":[{"@type":"SearchAction","target":{"@type":"EntryPoint","urlTemplate":"https:\/\/www.linksgestrickt.de\/blog\/?s={search_term_string}"},"query-input":"required name=search_term_string"}],"inLanguage":"en-US"}]}},"_links":{"self":[{"href":"https:\/\/www.linksgestrickt.de\/blog\/wp-json\/wp\/v2\/pages\/881"}],"collection":[{"href":"https:\/\/www.linksgestrickt.de\/blog\/wp-json\/wp\/v2\/pages"}],"about":[{"href":"https:\/\/www.linksgestrickt.de\/blog\/wp-json\/wp\/v2\/types\/page"}],"author":[{"embeddable":true,"href":"https:\/\/www.linksgestrickt.de\/blog\/wp-json\/wp\/v2\/users\/1"}],"replies":[{"embeddable":true,"href":"https:\/\/www.linksgestrickt.de\/blog\/wp-json\/wp\/v2\/comments?post=881"}],"version-history":[{"count":8,"href":"https:\/\/www.linksgestrickt.de\/blog\/wp-json\/wp\/v2\/pages\/881\/revisions"}],"predecessor-version":[{"id":2546,"href":"https:\/\/www.linksgestrickt.de\/blog\/wp-json\/wp\/v2\/pages\/881\/revisions\/2546"}],"wp:attachment":[{"href":"https:\/\/www.linksgestrickt.de\/blog\/wp-json\/wp\/v2\/media?parent=881"}],"curies":[{"name":"wp","href":"https:\/\/api.w.org\/{rel}","templated":true}]}}