{"id":89,"date":"2012-06-04T20:19:36","date_gmt":"2012-06-04T20:19:36","guid":{"rendered":"http:\/\/www.linksgestrickt.de\/blog\/?page_id=89"},"modified":"2025-08-12T10:50:52","modified_gmt":"2025-08-12T08:50:52","slug":"inspiration-2","status":"publish","type":"page","link":"https:\/\/www.linksgestrickt.de\/blog\/inspiration-2\/","title":{"rendered":"Inspiration"},"content":{"rendered":"<p><a href=\"https:\/\/www.linksgestrickt.de\/blog\/wp-content\/uploads\/2012\/06\/inspiration.jpg\"><img decoding=\"async\" loading=\"lazy\" class=\"aligncenter size-full wp-image-872\" src=\"https:\/\/www.linksgestrickt.de\/blog\/wp-content\/uploads\/2012\/06\/inspiration.jpg\" alt=\"inspiration\" width=\"600\" height=\"213\" srcset=\"https:\/\/www.linksgestrickt.de\/blog\/wp-content\/uploads\/2012\/06\/inspiration.jpg 600w, https:\/\/www.linksgestrickt.de\/blog\/wp-content\/uploads\/2012\/06\/inspiration-300x106.jpg 300w\" sizes=\"(max-width: 600px) 100vw, 600px\" \/><\/a><\/p>\n<p>Neben Ravelry als unerl\u00e4\u00dfliche Quelle f\u00fcr neue und innovative Strick- und H\u00e4kelmuster, haben sich eine ganze Reihe von Blogs und E-Magazines etabliert, die sich auf inspirierende Weise mit Handarbeiten jenseits von Topflappen und Co. auseinandersetzen. Auf diesen Seiten findet Ihr lesenswerte E-Magazines sowie eine pers\u00f6nliche Auswahl\u00a0 von Strick-DesignerInnen, die ich sehr gerne mag.<\/p>\n<p>&#8211;<strong> <a href=\"https:\/\/www.linksgestrickt.de\/blog\/e-magazines-rund-ums-stricken\/\">E-Magazines rund ums Stricken und H\u00e4keln<\/a><\/strong><\/p>\n<p>&#8211; <strong><a href=\"https:\/\/www.linksgestrickt.de\/blog\/blogs-von-strick-designerinnen\/\">StrickdesignerInnen aus aller Welt<\/a><\/strong><\/p>\n<p>An alle, die sich (wie meine Mutter) von der englischen Sprache abschrecken lassen, weil sie glauben, dass sie sie nicht beherrschen: <strong>Werft einen Blick auf die Seiten, es lohnt sich!<br \/>\n<\/strong>Eine kleine Starthilfe meinerseits soll die Liste mit den deutsch-englischen Strickbegriffen und -abk\u00fcrzungen sein, die ich f\u00fcr Euch erstellt haben. Ihr findet sie <a href=\"https:\/\/www.linksgestrickt.de\/blog\/strickworterbucher\/\">hier<\/a><strong>.<\/strong><\/p>\n","protected":false},"excerpt":{"rendered":"<p>Neben Ravelry als unerl\u00e4\u00dfliche Quelle f\u00fcr neue und innovative Strick- und H\u00e4kelmuster, haben sich eine ganze Reihe von Blogs und E-Magazines etabliert, die sich auf inspirierende Weise mit Handarbeiten jenseits von Topflappen und Co. auseinandersetzen. Auf diesen Seiten findet Ihr lesenswerte E-Magazines sowie eine pers\u00f6nliche Auswahl\u00a0 von Strick-DesignerInnen, die ich sehr gerne mag. &#8211; E-Magazines&#8230;<\/p>\n","protected":false},"author":1,"featured_media":0,"parent":0,"menu_order":0,"comment_status":"open","ping_status":"open","template":"","meta":{"footnotes":""},"yoast_head":"<!-- This site is optimized with the Yoast SEO plugin v21.1 - https:\/\/yoast.com\/wordpress\/plugins\/seo\/ -->\n<title>Blogroll<\/title>\n<meta name=\"robots\" content=\"index, follow, max-snippet:-1, max-image-preview:large, max-video-preview:-1\" \/>\n<link rel=\"canonical\" href=\"https:\/\/www.linksgestrickt.de\/blog\/inspiration-2\/\" \/>\n<meta property=\"og:locale\" content=\"en_US\" \/>\n<meta property=\"og:type\" content=\"article\" \/>\n<meta property=\"og:title\" content=\"Blogroll\" \/>\n<meta property=\"og:description\" content=\"Neben Ravelry als unerl\u00e4\u00dfliche Quelle f\u00fcr neue und innovative Strick- und H\u00e4kelmuster, haben sich eine ganze Reihe von Blogs und E-Magazines etabliert, die sich auf inspirierende Weise mit Handarbeiten jenseits von Topflappen und Co. auseinandersetzen. Auf diesen Seiten findet Ihr lesenswerte E-Magazines sowie eine pers\u00f6nliche Auswahl\u00a0 von Strick-DesignerInnen, die ich sehr gerne mag. &#8211; E-Magazines...\" \/>\n<meta property=\"og:url\" content=\"https:\/\/www.linksgestrickt.de\/blog\/inspiration-2\/\" \/>\n<meta property=\"article:modified_time\" content=\"2025-08-12T08:50:52+00:00\" \/>\n<meta property=\"og:image\" content=\"https:\/\/www.linksgestrickt.de\/blog\/wp-content\/uploads\/2012\/06\/inspiration.jpg\" \/>\n<meta name=\"twitter:label1\" content=\"Est. reading time\" \/>\n\t<meta name=\"twitter:data1\" content=\"1 minute\" \/>\n<script type=\"application\/ld+json\" class=\"yoast-schema-graph\">{\"@context\":\"https:\/\/schema.org\",\"@graph\":[{\"@type\":\"WebPage\",\"@id\":\"https:\/\/www.linksgestrickt.de\/blog\/inspiration-2\/\",\"url\":\"https:\/\/www.linksgestrickt.de\/blog\/inspiration-2\/\",\"name\":\"Blogroll\",\"isPartOf\":{\"@id\":\"https:\/\/www.linksgestrickt.de\/blog\/#website\"},\"datePublished\":\"2012-06-04T20:19:36+00:00\",\"dateModified\":\"2025-08-12T08:50:52+00:00\",\"inLanguage\":\"en-US\",\"potentialAction\":[{\"@type\":\"ReadAction\",\"target\":[\"https:\/\/www.linksgestrickt.de\/blog\/inspiration-2\/\"]}]},{\"@type\":\"WebSite\",\"@id\":\"https:\/\/www.linksgestrickt.de\/blog\/#website\",\"url\":\"https:\/\/www.linksgestrickt.de\/blog\/\",\"name\":\"\",\"description\":\"nie mehr den Faden verlieren\",\"potentialAction\":[{\"@type\":\"SearchAction\",\"target\":{\"@type\":\"EntryPoint\",\"urlTemplate\":\"https:\/\/www.linksgestrickt.de\/blog\/?s={search_term_string}\"},\"query-input\":\"required name=search_term_string\"}],\"inLanguage\":\"en-US\"}]}<\/script>\n<!-- \/ Yoast SEO plugin. -->","yoast_head_json":{"title":"Blogroll","robots":{"index":"index","follow":"follow","max-snippet":"max-snippet:-1","max-image-preview":"max-image-preview:large","max-video-preview":"max-video-preview:-1"},"canonical":"https:\/\/www.linksgestrickt.de\/blog\/inspiration-2\/","og_locale":"en_US","og_type":"article","og_title":"Blogroll","og_description":"Neben Ravelry als unerl\u00e4\u00dfliche Quelle f\u00fcr neue und innovative Strick- und H\u00e4kelmuster, haben sich eine ganze Reihe von Blogs und E-Magazines etabliert, die sich auf inspirierende Weise mit Handarbeiten jenseits von Topflappen und Co. auseinandersetzen. Auf diesen Seiten findet Ihr lesenswerte E-Magazines sowie eine pers\u00f6nliche Auswahl\u00a0 von Strick-DesignerInnen, die ich sehr gerne mag. &#8211; E-Magazines...","og_url":"https:\/\/www.linksgestrickt.de\/blog\/inspiration-2\/","article_modified_time":"2025-08-12T08:50:52+00:00","og_image":[{"url":"https:\/\/www.linksgestrickt.de\/blog\/wp-content\/uploads\/2012\/06\/inspiration.jpg"}],"twitter_misc":{"Est. reading time":"1 minute"},"schema":{"@context":"https:\/\/schema.org","@graph":[{"@type":"WebPage","@id":"https:\/\/www.linksgestrickt.de\/blog\/inspiration-2\/","url":"https:\/\/www.linksgestrickt.de\/blog\/inspiration-2\/","name":"Blogroll","isPartOf":{"@id":"https:\/\/www.linksgestrickt.de\/blog\/#website"},"datePublished":"2012-06-04T20:19:36+00:00","dateModified":"2025-08-12T08:50:52+00:00","inLanguage":"en-US","potentialAction":[{"@type":"ReadAction","target":["https:\/\/www.linksgestrickt.de\/blog\/inspiration-2\/"]}]},{"@type":"WebSite","@id":"https:\/\/www.linksgestrickt.de\/blog\/#website","url":"https:\/\/www.linksgestrickt.de\/blog\/","name":"","description":"nie mehr den Faden verlieren","potentialAction":[{"@type":"SearchAction","target":{"@type":"EntryPoint","urlTemplate":"https:\/\/www.linksgestrickt.de\/blog\/?s={search_term_string}"},"query-input":"required name=search_term_string"}],"inLanguage":"en-US"}]}},"_links":{"self":[{"href":"https:\/\/www.linksgestrickt.de\/blog\/wp-json\/wp\/v2\/pages\/89"}],"collection":[{"href":"https:\/\/www.linksgestrickt.de\/blog\/wp-json\/wp\/v2\/pages"}],"about":[{"href":"https:\/\/www.linksgestrickt.de\/blog\/wp-json\/wp\/v2\/types\/page"}],"author":[{"embeddable":true,"href":"https:\/\/www.linksgestrickt.de\/blog\/wp-json\/wp\/v2\/users\/1"}],"replies":[{"embeddable":true,"href":"https:\/\/www.linksgestrickt.de\/blog\/wp-json\/wp\/v2\/comments?post=89"}],"version-history":[{"count":36,"href":"https:\/\/www.linksgestrickt.de\/blog\/wp-json\/wp\/v2\/pages\/89\/revisions"}],"predecessor-version":[{"id":2547,"href":"https:\/\/www.linksgestrickt.de\/blog\/wp-json\/wp\/v2\/pages\/89\/revisions\/2547"}],"wp:attachment":[{"href":"https:\/\/www.linksgestrickt.de\/blog\/wp-json\/wp\/v2\/media?parent=89"}],"curies":[{"name":"wp","href":"https:\/\/api.w.org\/{rel}","templated":true}]}}